{"id":3,"date":"2023-09-17T18:37:50","date_gmt":"2023-09-17T18:37:50","guid":{"rendered":"https:\/\/primesolar.absites.pt\/?page_id=3"},"modified":"2025-05-29T07:33:45","modified_gmt":"2025-05-29T07:33:45","slug":"politica-privacidade","status":"publish","type":"page","link":"https:\/\/primesolar.absites.pt\/en\/politica-privacidade\/","title":{"rendered":"Pol\u00edtica de privacidade"},"content":{"rendered":"\n<p>Este documento refere-se \u00e0 prote\u00e7\u00e3o de pessoas singulares no que respeita ao tratamento de dados pessoais e \u00e0 livre circula\u00e7\u00e3o desses dados e \u00e9 integralmente regulado pela lei portuguesa.<br>Tomamos os seguintes compromissos em rela\u00e7\u00e3o aos dados pessoais dos nossos utilizadores:<\/p>\n\n\n\n<ul class=\"wp-block-list\">\n<li>Proceder ao tratamento de dados de forma l\u00edcita e leal, recolhendo apenas a informa\u00e7\u00e3o necess\u00e1ria e pertinente \u00e0 finalidade a que se destina;<\/li>\n\n\n\n<li>N\u00e3o utilizar os dados recolhidos para finalidade incompat\u00edvel com a da recolha;<\/li>\n\n\n\n<li>Assegurar o consentimento expresso do titular dos dados sempre que tal for exigido;<\/li>\n\n\n\n<li>Garantir gratuitamente o direito de elimina\u00e7\u00e3o dos dados utilizados quando requerida pelo titular;<\/li>\n\n\n\n<li>Ter sistemas de seguran\u00e7a que impe\u00e7am a consulta, modifica\u00e7\u00e3o, destrui\u00e7\u00e3o ou adi\u00e7\u00e3o dos dados por pessoa n\u00e3o autorizada a faz\u00ea-lo;<\/li>\n\n\n\n<li>Respeitar o sigilo profissional em rela\u00e7\u00e3o aos dados tratados;<\/li>\n<\/ul>\n\n\n\n<p>Este site pode ser visitado sem que seja necess\u00e1rio revelar qualquer informa\u00e7\u00e3o pessoal. Existem, no entanto, p\u00e1ginas onde necessitamos que os utilizadores forne\u00e7am os seus dados pessoais, de forma a usufru\u00edrem dos servi\u00e7os a\u00ed disponibilizados.<br><br>A recolha de dados de identifica\u00e7\u00e3o do utilizador ser\u00e1 efetuada atrav\u00e9s do preenchimento de um formul\u00e1rio online e ocorrer\u00e1 de acordo com as mais estritas regras de seguran\u00e7a.<br><br>Nas p\u00e1ginas onde s\u00e3o recolhidos os dados pessoais dos utilizadores, a sua transmiss\u00e3o \u00e9 encriptada, utilizando protocolos de seguran\u00e7a apropriados para o servi\u00e7o.<\/p>\n\n\n\n<h2 class=\"wp-block-heading\">Formul\u00e1rios de contacto<\/h2>\n\n\n\n<p>Algumas das p\u00e1ginas do site t\u00eam um bot\u00e3o de contacto que ativa um programa de correio eletr\u00f3nico, que permite enviar mensagens para uma caixa de correio administrativa.<br><br>Se enviar uma mensagem desta forma, s\u00f3 ser\u00e3o recolhidos os dados pessoais necess\u00e1rios para lhe responder que preencher no formul\u00e1rio.<br><br>Os pedidos de contacto enviados a essa caixa de correio poder\u00e3o ser encaminhadas para colaboradores que est\u00e3o abrangidos pelo cumprimento do Regulamento Geral da Prote\u00e7\u00e3o de Dados, estando devidamente informados da import\u00e2ncia do cumprimento dos deveres previstos no RGPD, com o objetivo de colaborarem em processos administrativos.<br><br>Se tiver d\u00favidas sobre o tratamento a que a sua mensagem ou dados pessoais ser\u00e3o sujeitos, n\u00e3o hesite em inclu\u00ed-las na sua mensagem.<\/p>\n\n\n\n<h2 class=\"wp-block-heading\">Formul\u00e1rios de compra<\/h2>\n\n\n\n<p>Para efetuar uma compra no site necessita de introduzir dados pessoais que s\u00e3o guardados na base de dados do site e enviados por email para uma caixa de correio administrativa.\u00a0<br><br>Os dados pessoais enviados a essa caixa de correio poder\u00e3o ser encaminhadas para colaboradores que est\u00e3o abrangidos pelo cumprimento do Regulamento Geral da Prote\u00e7\u00e3o de Dados, estando devidamente informados da import\u00e2ncia do cumprimento dos deveres previstos no RGPD, com o objetivo de estarem informados sobre o processo do desenvolvimento do site.<br><br>Utilizamos os dados pessoais submetidos apenas para o processamento da compra.<br><br>Se tiver d\u00favidas sobre o tratamento a que a sua mensagem ou dados pessoais ser\u00e3o sujeitos, n\u00e3o hesite em inclu\u00ed-las na sua mensagem.<\/p>\n\n\n\n<h2 class=\"wp-block-heading\">Verificar, alterar ou apagar informa\u00e7\u00f5es<\/h2>\n\n\n\n<p>Se quiser verificar, alterar ou apagar os seus dados pessoais que conservamos, por favor contacte-nos via email. Na sua mensagem, indique claramente a natureza do seu pedido (verifica\u00e7\u00e3o, altera\u00e7\u00e3o ou supress\u00e3o de dados pessoais).<\/p>\n\n\n\n<h2 class=\"wp-block-heading\">O que s\u00e3o cookies?<\/h2>\n\n\n\n<p>Um cookie \u00e9 um pequeno arquivo de texto que um site armazena no seu computador ou dispositivo m\u00f3vel quando visita o site.<\/p>\n\n\n\n<p>Cookies de origem s\u00e3o cookies definidos pelo site que est\u00e1 a visitar. Apenas esse site pode l\u00ea-los. Al\u00e9m disso, um site pode usar servi\u00e7os externos, que tamb\u00e9m definem seus pr\u00f3prios cookies, conhecidos como cookies de terceiros.<\/p>\n\n\n\n<p>Cookies persistentes s\u00e3o cookies salvos em seu computador e que n\u00e3o s\u00e3o exclu\u00eddos automaticamente quando fecha o navegador, ao contr\u00e1rio de um cookie de sess\u00e3o, que \u00e9 exclu\u00eddo quando voc\u00ea fecha o navegador.<br>Ao visitar o nosso site pela primeira vez receber\u00e1 um aviso de consentimento de cookies. Ao aceitar ou continuar a navegar no site consente com a utiliza\u00e7\u00e3o das cookies.<br><br>O objetivo \u00e9 permitir que o site se lembre de suas prefer\u00eancias e conseguir melhor fazer uma an\u00e1lise an\u00f3nima sobre quem visita o site para efeitos de marketing, por um determinado per\u00edodo de tempo.<\/p>\n\n\n\n<h2 class=\"wp-block-heading\">Como usamos os cookies<\/h2>\n\n\n\n<p>Este site usa cookies de origem e cookies de terceiros. Estas cookies n\u00e3o recolhem informa\u00e7\u00f5es pessoais que permitam identificar o Utilizador, guardando apenas informa\u00e7\u00f5es gen\u00e9ricas, designadamente a forma ou regi\u00e3o\/cidade de acesso, entre outros.<br><br>Os cookies de origem usados s\u00e3o os seguintes:<\/p>\n\n\n\n<p>cookielawinfo-checkbox-analytics, cookielawinfo-checkbox-functional, cookielawinfo-checkbox-necessary e cookielawinfo-checkbox-others guardam as preferencias do utilizador em rela\u00e7\u00e3o \u00e0s cookies.<\/p>\n\n\n\n<p>viewed_cookie_policy guarda informa\u00e7\u00e3o do consentimento das cookies.<\/p>\n\n\n\n<p>woocommerce_cart_hash e woocommerce_items_in_cart ajudam o site a determinar quando os conte\u00fados ou dados do carrinho mudam. (Dura\u00e7\u00e3o: Sess\u00e3o)<\/p>\n\n\n\n<p>wp_woocommerce_session cont\u00e9m um identificador para cada utilizador para conseguir encontrar o carrinho respetivo na base de dados. (Dura\u00e7\u00e3o: 2 dias)<\/p>\n\n\n\n<p>woocommerce_recently_viewed regista os produtos vistos recentemente. (Dura\u00e7\u00e3o: Sess\u00e3o)<\/p>\n\n\n\n<p>store_notice[notice id] permite os utilizadores fechar os avisos da loja<\/p>\n\n\n\n<p>Os cookies de terceiros prov\u00eam das seguintes origens:<\/p>\n\n\n\n<p>Google<br>Os cookies de pol\u00edticas dos servi\u00e7os prestados por terceiros escapam ao nosso controlo. Os prestadores podem, a qualquer momento, alterar as condi\u00e7\u00f5es do servi\u00e7o, a utiliza\u00e7\u00e3o e a finalidade dos cookies, etc.<\/p>\n\n\n\n<h2 class=\"wp-block-heading\">Como gerir os cookies?<\/h2>\n\n\n\n<p>Pode gerir e\/ou apagar os cookies que quiser. Para mais informa\u00e7\u00f5es, consulte aboutcookies.org. Para apagar todos os cookies j\u00e1 instalados no seu dispositivo, limpe o hist\u00f3rico de navega\u00e7\u00e3o do seu navegador. Esta a\u00e7\u00e3o apaga todos os cookies de todos os sites Web que visitou. Tenha em conta que tamb\u00e9m pode perder algumas informa\u00e7\u00f5es guardadas (dados de in\u00edcio de sess\u00e3o, prefer\u00eancias, etc.).<br><br>Para informa\u00e7\u00f5es mais pormenorizadas sobre como controlar os cookies espec\u00edficos de um determinado s\u00edtio, consulte os par\u00e2metros de privacidade e de cookies do seu navegador. A maioria dos navegadores modernos permite-lhe impedir a instala\u00e7\u00e3o de cookies no seu dispositivo. Se optar por o fazer, pode ter de ajustar manualmente algumas prefer\u00eancias sempre que visitar um s\u00edtio ou p\u00e1gina e alguns servi\u00e7os e funcionalidades podem n\u00e3o funcionar corretamente.<\/p>\n","protected":false},"excerpt":{"rendered":"<p>Este documento refere-se \u00e0 prote\u00e7\u00e3o de pessoas singulares no que respeita ao tratamento de dados pessoais e \u00e0 livre circula\u00e7\u00e3o desses dados e \u00e9 integralmente regulado pela lei portuguesa.Tomamos os seguintes compromissos em rela\u00e7\u00e3o aos dados pessoais dos nossos utilizadores: Este site pode ser visitado sem que seja necess\u00e1rio revelar qualquer informa\u00e7\u00e3o pessoal. Existem, no [&hellip;]<\/p>\n","protected":false},"author":1,"featured_media":0,"parent":0,"menu_order":0,"comment_status":"closed","ping_status":"closed","template":"","meta":{"footnotes":""},"class_list":["post-3","page","type-page","status-publish","hentry"],"_links":{"self":[{"href":"https:\/\/primesolar.absites.pt\/en\/wp-json\/wp\/v2\/pages\/3","targetHints":{"allow":["GET"]}}],"collection":[{"href":"https:\/\/primesolar.absites.pt\/en\/wp-json\/wp\/v2\/pages"}],"about":[{"href":"https:\/\/primesolar.absites.pt\/en\/wp-json\/wp\/v2\/types\/page"}],"author":[{"embeddable":true,"href":"https:\/\/primesolar.absites.pt\/en\/wp-json\/wp\/v2\/users\/1"}],"replies":[{"embeddable":true,"href":"https:\/\/primesolar.absites.pt\/en\/wp-json\/wp\/v2\/comments?post=3"}],"version-history":[{"count":3,"href":"https:\/\/primesolar.absites.pt\/en\/wp-json\/wp\/v2\/pages\/3\/revisions"}],"predecessor-version":[{"id":290,"href":"https:\/\/primesolar.absites.pt\/en\/wp-json\/wp\/v2\/pages\/3\/revisions\/290"}],"wp:attachment":[{"href":"https:\/\/primesolar.absites.pt\/en\/wp-json\/wp\/v2\/media?parent=3"}],"curies":[{"name":"wp","href":"https:\/\/api.w.org\/{rel}","templated":true}]}}